{"id":1348,"date":"2016-04-25T11:20:47","date_gmt":"2016-04-25T10:20:47","guid":{"rendered":"http:\/\/www.phipent.com\/ca\/?page_id=1348"},"modified":"2016-06-03T10:31:13","modified_gmt":"2016-06-03T09:31:13","slug":"sobre-phipent","status":"publish","type":"page","link":"https:\/\/www.phipent.com\/ca\/sobre-phipent\/","title":{"rendered":"Sobre Phipent"},"content":{"rendered":"[vc_row][vc_column width=&#8221;1\/2&#8243;][vc_column_text title=&#8221;La nostra companyia&#8221; disable_pattern=&#8221;false&#8221;]\n<p style=\"text-align: justify;\">Phipent Partners, S.L. \u00e9s una companyia de consultoria d&#8217;organitzaci\u00f3 i sistemes d&#8217;informaci\u00f3 constitu\u00efda a Barcelona l&#8217;octubre de 2006 amb la missi\u00f3 d&#8217;ajudar als nostres clients a millorar el rendiment dels seus negocis a trav\u00e9s d&#8217;una gesti\u00f3 per processos de negoci eficient.<\/p>\n<p style=\"text-align: justify;\">La generaci\u00f3 del coneixement, aix\u00ed com la seva posterior divulgaci\u00f3 i aplicaci\u00f3 en l&#8217;\u00e0mbit de projectes d&#8217;innovaci\u00f3, formen part de la missi\u00f3 de Phipent. Per aix\u00f2 mantenim estrets vincles amb el m\u00f3n acad\u00e8mic, i la investigaci\u00f3 de productes i serveis s\u00f3n activitats troncals de la nostra cadena de valor.<\/p>\n[\/vc_column_text][\/vc_column][vc_column width=&#8221;1\/2&#8243;][mk_image src=&#8221;http:\/\/www.phipent.com\/wp-content\/uploads\/2016\/04\/Sobre-Phipent-1.png&#8221; image_size=&#8221;full&#8221;][\/vc_column][\/vc_row][vc_row][vc_column width=&#8221;1\/2&#8243;][mk_image src=&#8221;http:\/\/www.phipent.com\/wp-content\/uploads\/2016\/04\/Sobre-Phipent-2.png&#8221; image_size=&#8221;full&#8221;][\/vc_column][vc_column width=&#8221;1\/2&#8243;][vc_column_text title=&#8221;El nostre equip&#8221; disable_pattern=&#8221;false&#8221;]\n<p style=\"text-align: justify;\">L&#8217;equip de Phipent, ens definim professionalment com a persones proactives, rigoroses, honestes i intel\u00b7lectualment inquietes, que desenvolupem el nostre coneixement a partir d\u2019experi\u00e8ncies emp\u00edriques, que posteriorment posem a la disposici\u00f3 dels nostres clients.<\/p>\n<p style=\"text-align: justify;\">A Phipent busquem constantment professionals interessats en la consultoria de processos. Si ets una persona inquieta, amb ganes de treballar en un entorn amb grans possibilitats de desenvolupament professional, envia&#8217;ns el teu CV a <a href=\"mailto:seleccion@phipent.es\">seleccion@phipent.es<\/a><\/p>\n[\/vc_column_text][\/vc_column][\/vc_row]\n","protected":false},"excerpt":{"rendered":"<p>[vc_row][vc_column width=&#8221;1\/2&#8243;][vc_column_text title=&#8221;La nostra companyia&#8221; disable_pattern=&#8221;false&#8221;] Phipent Partners, S.L. \u00e9s una companyia de consultoria d&#8217;organitzaci\u00f3 i sistemes d&#8217;informaci\u00f3 constitu\u00efda a Barcelona l&#8217;octubre de 2006 amb la missi\u00f3 d&#8217;ajudar als nostres clients a millorar el rendiment dels seus negocis a trav\u00e9s d&#8217;una gesti\u00f3 per processos de negoci eficient. La generaci\u00f3 del coneixement, aix\u00ed com la seva [&hellip;]<\/p>\n","protected":false},"author":2,"featured_media":0,"parent":0,"menu_order":0,"comment_status":"closed","ping_status":"closed","template":"","meta":{"footnotes":""},"class_list":["post-1348","page","type-page","status-publish","hentry"],"_links":{"self":[{"href":"https:\/\/www.phipent.com\/ca\/wp-json\/wp\/v2\/pages\/1348"}],"collection":[{"href":"https:\/\/www.phipent.com\/ca\/wp-json\/wp\/v2\/pages"}],"about":[{"href":"https:\/\/www.phipent.com\/ca\/wp-json\/wp\/v2\/types\/page"}],"author":[{"embeddable":true,"href":"https:\/\/www.phipent.com\/ca\/wp-json\/wp\/v2\/users\/2"}],"replies":[{"embeddable":true,"href":"https:\/\/www.phipent.com\/ca\/wp-json\/wp\/v2\/comments?post=1348"}],"version-history":[{"count":8,"href":"https:\/\/www.phipent.com\/ca\/wp-json\/wp\/v2\/pages\/1348\/revisions"}],"predecessor-version":[{"id":1871,"href":"https:\/\/www.phipent.com\/ca\/wp-json\/wp\/v2\/pages\/1348\/revisions\/1871"}],"wp:attachment":[{"href":"https:\/\/www.phipent.com\/ca\/wp-json\/wp\/v2\/media?parent=1348"}],"curies":[{"name":"wp","href":"https:\/\/api.w.org\/{rel}","templated":true}]}}