{"id":1353,"date":"2016-04-25T11:23:52","date_gmt":"2016-04-25T10:23:52","guid":{"rendered":"http:\/\/www.phipent.com\/ca\/?page_id=1353"},"modified":"2016-06-22T09:26:31","modified_gmt":"2016-06-22T08:26:31","slug":"arees-despecialitzacio-consultoria-en-sap-bpm","status":"publish","type":"page","link":"https:\/\/www.phipent.com\/ca\/arees-despecialitzacio-consultoria-en-sap-bpm\/","title":{"rendered":"\u00c0rees d&#8217;especialitzaci\u00f3: Consultoria en SAP BPM"},"content":{"rendered":"[vc_row padding=&#8221;0&#8243;][vc_column][vc_column_text]L&#8217;any 2011 Phipent va llan\u00e7ar una l\u00ednia d&#8217;especialitzaci\u00f3 de la soluci\u00f3 SAP Netweaver Business Process Management. Des de llavors hem realitzat projectes d&#8217;implantaci\u00f3 de la soluci\u00f3 diversos i en diferents sectors d&#8217;activitat.[\/vc_column_text][\/vc_column][\/vc_row][vc_row][vc_column width=&#8221;1\/2&#8243;][vc_column_text]Actualment hem ampliat aquest coneixement als seg\u00fcents productes de la fam\u00edlia de Intelligent Business Operations:<\/p>\n<ul>\n<li>SAP Powerdesigner: eina que cobreix la part de conceptualitzaci\u00f3 del mapa de processos i el disseny de l&#8217;arquitectura tecnol\u00f2gica.<\/li>\n<li>SAP Process Orchestration: sistema que fusiona les capacitats de SAP Process Integration i de SAP Business Process Managament.<\/li>\n<li>Operational Process Intelligence: eina que funciona sobre SAP Hana i que permet gestionar proactivament escenaris de negoci subjectes a Acords de Nivell de Servei.<\/li>\n<\/ul>\n<p style=\"text-align: justify;\">Amb aquest coneixement, podem cobrir tot el cicle de vida dels processos, des de la seva conceptualitzaci\u00f3 fins a l&#8217;optimitzaci\u00f3, passant per la implantaci\u00f3 dels mateixos en sistemes de gesti\u00f3 i reporting anal\u00edtic.<\/p>\n[\/vc_column_text][\/vc_column][vc_column width=&#8221;1\/2&#8243;][mk_image src=&#8221;http:\/\/www.phipent.com\/wp-content\/uploads\/2016\/04\/Consultoria-en-SAP-BPM-Cicle-de-Vida.png&#8221; image_size=&#8221;full&#8221;][\/vc_column][\/vc_row]\n","protected":false},"excerpt":{"rendered":"<p>[vc_row padding=&#8221;0&#8243;][vc_column][vc_column_text]L&#8217;any 2011 Phipent va llan\u00e7ar una l\u00ednia d&#8217;especialitzaci\u00f3 de la soluci\u00f3 SAP Netweaver Business Process Management. Des de llavors hem realitzat projectes d&#8217;implantaci\u00f3 de la soluci\u00f3 diversos i en diferents sectors d&#8217;activitat.[\/vc_column_text][\/vc_column][\/vc_row][vc_row][vc_column width=&#8221;1\/2&#8243;][vc_column_text]Actualment hem ampliat aquest coneixement als seg\u00fcents productes de la fam\u00edlia de Intelligent Business Operations: SAP Powerdesigner: eina que cobreix la part [&hellip;]<\/p>\n","protected":false},"author":2,"featured_media":0,"parent":0,"menu_order":0,"comment_status":"closed","ping_status":"closed","template":"","meta":{"footnotes":""},"class_list":["post-1353","page","type-page","status-publish","hentry"],"_links":{"self":[{"href":"https:\/\/www.phipent.com\/ca\/wp-json\/wp\/v2\/pages\/1353"}],"collection":[{"href":"https:\/\/www.phipent.com\/ca\/wp-json\/wp\/v2\/pages"}],"about":[{"href":"https:\/\/www.phipent.com\/ca\/wp-json\/wp\/v2\/types\/page"}],"author":[{"embeddable":true,"href":"https:\/\/www.phipent.com\/ca\/wp-json\/wp\/v2\/users\/2"}],"replies":[{"embeddable":true,"href":"https:\/\/www.phipent.com\/ca\/wp-json\/wp\/v2\/comments?post=1353"}],"version-history":[{"count":14,"href":"https:\/\/www.phipent.com\/ca\/wp-json\/wp\/v2\/pages\/1353\/revisions"}],"predecessor-version":[{"id":2175,"href":"https:\/\/www.phipent.com\/ca\/wp-json\/wp\/v2\/pages\/1353\/revisions\/2175"}],"wp:attachment":[{"href":"https:\/\/www.phipent.com\/ca\/wp-json\/wp\/v2\/media?parent=1353"}],"curies":[{"name":"wp","href":"https:\/\/api.w.org\/{rel}","templated":true}]}}