{"id":1360,"date":"2016-04-25T11:32:44","date_gmt":"2016-04-25T10:32:44","guid":{"rendered":"http:\/\/www.phipent.com\/ca\/?page_id=1360"},"modified":"2016-06-22T08:44:53","modified_gmt":"2016-06-22T07:44:53","slug":"consultoria-en-gestio-per-processos","status":"publish","type":"page","link":"https:\/\/www.phipent.com\/ca\/consultoria-en-gestio-per-processos\/","title":{"rendered":"Consultoria en Gesti\u00f3 per Processos"},"content":{"rendered":"[vc_row padding=&#8221;0&#8243;][vc_column][vc_column_text]A Phipent entenem que la millora del rendiment de les organitzacions passa per adoptar una gesti\u00f3 per processos que actu\u00ef com a sistema de transmissi\u00f3 de la cadena de valor. Aix\u00f2 nom\u00e9s \u00e9s possible si es duen a terme iniciatives en cadascuna de les etapes del cicle de vida dels processos. Si desitja con\u00e8ixer quina \u00e9s la visi\u00f3 que t\u00e9 el nostre equip al respecte pot llegir el seg\u00fcent <a href=\"http:\/\/www.phipent.com\/ca\/la-gestio-per-processos-una-realitat-amb-sistemes-bpm\/\">article<\/a>.<\/p>\n<p>L&#8217;equip de Phipent est\u00e0 especialitzat en la implantaci\u00f3 de solucions SAP Intelligent Business Operations. <a href=\"http:\/\/www.phipent.com\/ca\/arees-despecialitzacio-consultoria-en-sap-bpm\/\">[Llegir m\u00e9s]<\/a>[\/vc_column_text][vc_empty_space height=&#8221;40px&#8221;][vc_text_separator title=&#8221;CICLE DE VIDA DEL PROC\u00c9S&#8221; title_align=&#8221;separator_align_left&#8221; color=&#8221;white&#8221;][mk_imagebox show_as=&#8221;column&#8221; column=&#8221;5&#8243; padding=&#8221;10&#8243;][mk_imagebox_item item_image=&#8221;http:\/\/www.phipent.com\/wp-content\/uploads\/2016\/04\/Consultoria-en-Gesti\u00f3-per-Processos-Modelatge.png&#8221; background_color=&#8221;#ffffff&#8221; item_title=&#8221;MODELATGE&#8221;]Confecci\u00f3 del mapa de processos[\/mk_imagebox_item][mk_imagebox_item item_image=&#8221;http:\/\/www.phipent.com\/wp-content\/uploads\/2016\/04\/Consultoria-en-Gesti\u00f3-per-Processos-Implementaci\u00f3.png&#8221; background_color=&#8221;#ffffff&#8221; item_title=&#8221;IMPLEMENTACI\u00d3&#8221;]Implantaci\u00f3 de processos i sistemes BPM [\/mk_imagebox_item][mk_imagebox_item item_image=&#8221;http:\/\/www.phipent.com\/wp-content\/uploads\/2016\/04\/Consultoria-en-Gesti\u00f3-per-Processos-Execuci\u00f3.png&#8221; background_color=&#8221;#ffffff&#8221; item_title=&#8221;EXECUCI\u00d3&#8221;]Serveis de manteniment funcional de sistemes BPM[\/mk_imagebox_item][mk_imagebox_item item_image=&#8221;http:\/\/www.phipent.com\/wp-content\/uploads\/2016\/04\/Consultoria-en-Gesti\u00f3-per-Processos-Monitoritzaci\u00f3.png&#8221; background_color=&#8221;#ffffff&#8221; item_title=&#8221;MONITORITZACI\u00d3&#8221;]Implantaci\u00f3 de sistemes d&#8217;indicadors i an\u00e0lisis de la informaci\u00f3 [\/mk_imagebox_item][mk_imagebox_item item_image=&#8221;http:\/\/www.phipent.com\/wp-content\/uploads\/2016\/04\/Consultoria-en-Gesti\u00f3-per-Processos-Optimitzaci\u00f3.png&#8221; background_color=&#8221;#ffffff&#8221; item_title=&#8221;OPTIMITZACI\u00d3&#8221;]Reenginyeria i millora cont\u00ednua de processos<br \/>\n[\/mk_imagebox_item][\/mk_imagebox][\/vc_column][\/vc_row]\n","protected":false},"excerpt":{"rendered":"<p>[vc_row padding=&#8221;0&#8243;][vc_column][vc_column_text]A Phipent entenem que la millora del rendiment de les organitzacions passa per adoptar una gesti\u00f3 per processos que actu\u00ef com a sistema de transmissi\u00f3 de la cadena de valor. Aix\u00f2 nom\u00e9s \u00e9s possible si es duen a terme iniciatives en cadascuna de les etapes del cicle de vida dels processos. Si desitja con\u00e8ixer [&hellip;]<\/p>\n","protected":false},"author":2,"featured_media":0,"parent":0,"menu_order":0,"comment_status":"closed","ping_status":"closed","template":"","meta":{"footnotes":""},"class_list":["post-1360","page","type-page","status-publish","hentry"],"_links":{"self":[{"href":"https:\/\/www.phipent.com\/ca\/wp-json\/wp\/v2\/pages\/1360"}],"collection":[{"href":"https:\/\/www.phipent.com\/ca\/wp-json\/wp\/v2\/pages"}],"about":[{"href":"https:\/\/www.phipent.com\/ca\/wp-json\/wp\/v2\/types\/page"}],"author":[{"embeddable":true,"href":"https:\/\/www.phipent.com\/ca\/wp-json\/wp\/v2\/users\/2"}],"replies":[{"embeddable":true,"href":"https:\/\/www.phipent.com\/ca\/wp-json\/wp\/v2\/comments?post=1360"}],"version-history":[{"count":11,"href":"https:\/\/www.phipent.com\/ca\/wp-json\/wp\/v2\/pages\/1360\/revisions"}],"predecessor-version":[{"id":2138,"href":"https:\/\/www.phipent.com\/ca\/wp-json\/wp\/v2\/pages\/1360\/revisions\/2138"}],"wp:attachment":[{"href":"https:\/\/www.phipent.com\/ca\/wp-json\/wp\/v2\/media?parent=1360"}],"curies":[{"name":"wp","href":"https:\/\/api.w.org\/{rel}","templated":true}]}}