{"id":1380,"date":"2016-03-07T12:45:29","date_gmt":"2016-03-07T11:45:29","guid":{"rendered":"http:\/\/www.phipent.com\/ca\/desarrollo-de-aplicaciones-sap-netweaver\/"},"modified":"2016-06-03T10:21:31","modified_gmt":"2016-06-03T09:21:31","slug":"desenvolupament-daplicacions-sap-netweaver","status":"publish","type":"page","link":"https:\/\/www.phipent.com\/ca\/desenvolupament-daplicacions-sap-netweaver\/","title":{"rendered":"Desenvolupament d&#8217;aplicacions SAP Netweaver"},"content":{"rendered":"[vc_row padding=&#8221;0&#8243;][vc_column width=&#8221;3\/4&#8243;][vc_column_text title=&#8221;CARACTER\u00cdSTIQUES:&#8221; disable_pattern=&#8221;false&#8221;]\n<ul>\n<li>Capacitat de desenvolupament sobre els stacks ABAP i Java. Aix\u00f2 permet abordar desenvolupaments que combinin amb dues tecnologies de manera coordinada.<\/li>\n<li>Metodologia de desenvolupament basada en Rationa Unified Process (RUP).<\/li>\n<li>Servei subjecte a un Acord de Nivell de Servei. Els clients saben quan van a finalitzar els seus enc\u00e0rrecs.<\/li>\n<\/ul>\n[\/vc_column_text][\/vc_column][vc_column width=&#8221;1\/4&#8243;][mk_image src=&#8221;http:\/\/www.phipent.com\/wp-content\/uploads\/2016\/03\/Desenvolupament-daplicacions-SAP-Netweaver.png&#8221; image_size=&#8221;medium&#8221;][\/vc_column][\/vc_row][vc_row][vc_column][vc_empty_space height=&#8221;40px&#8221;][\/vc_column][\/vc_row][vc_row][vc_column width=&#8221;1\/2&#8243;][vc_column_text title=&#8221;Desenvolupament Stack Java&#8221; disable_pattern=&#8221;false&#8221;]\n<p style=\"text-align: justify;\">L&#8217;equip de Phipent desenvolupa Composite Applications per SAP Netweaver des de principis del 2011. Actualment treballa amb les seg\u00fcents tecnologies:<\/p>\n<p>Interf\u00edcie Gr\u00e0fica:<\/p>\n<ul>\n<li>Web Dynpro Java<\/li>\n<li>SAP Fiori \/ SAPUI5<\/li>\n<li>Visual Composer<\/li>\n<li>Adobe Document Services<\/li>\n<li>JavaServer Pages<\/li>\n<li>Integraci\u00f3 en SAP Enterprise Portal<\/li>\n<\/ul>\n<p>L\u00f2gica de Negoci:<\/p>\n<ul>\n<li>Simple Object Acces Protocol (SOAP)<\/li>\n<li>Enterprise JavaBeans (EJB)<\/li>\n<li>ODATA<\/li>\n<li>Business Process Management (BPM)<\/li>\n<li>Business Rules Management (BRM)<\/li>\n<\/ul>\n[\/vc_column_text][\/vc_column][vc_column width=&#8221;1\/2&#8243;][vc_column_text title=&#8221;Desenvolupament Stack ABAP&#8221; disable_pattern=&#8221;false&#8221;]\n<p style=\"text-align: justify;\">L&#8217;equip de Phipent t\u00e9 una experi\u00e8ncia de 15 anys desenvolupant aplicacions ABAP per la Business Suite. T\u00e9 capacitat per desenvolupar en totes les tecnologies del stack Abap. Realitzem les seg\u00fcents activitats<\/p>\n<ul>\n<li>Auditories de qualitat en desenvolupaments<\/li>\n<li>Estandarditzaci\u00f3 de pol\u00edtiques de desenvolupament<\/li>\n<li>Estandarditzaci\u00f3 d&#8217;arquitectures d&#8217;objectes de desenvolupament<\/li>\n<li>Desenvolupaments a mesura integrats amb els m\u00f2duls de SAP<\/li>\n<li>Migraci\u00f3 d&#8217;aplicaci\u00f3 basades en SAPGUI a tecnologia Web<\/li>\n<\/ul>\n[\/vc_column_text][\/vc_column][\/vc_row]\n","protected":false},"excerpt":{"rendered":"<p>[vc_row padding=&#8221;0&#8243;][vc_column width=&#8221;3\/4&#8243;][vc_column_text title=&#8221;CARACTER\u00cdSTIQUES:&#8221; disable_pattern=&#8221;false&#8221;] Capacitat de desenvolupament sobre els stacks ABAP i Java. Aix\u00f2 permet abordar desenvolupaments que combinin amb dues tecnologies de manera coordinada. Metodologia de desenvolupament basada en Rationa Unified Process (RUP). Servei subjecte a un Acord de Nivell de Servei. Els clients saben quan van a finalitzar els seus enc\u00e0rrecs. [\/vc_column_text][\/vc_column][vc_column [&hellip;]<\/p>\n","protected":false},"author":2,"featured_media":0,"parent":0,"menu_order":0,"comment_status":"closed","ping_status":"closed","template":"","meta":{"footnotes":""},"class_list":["post-1380","page","type-page","status-publish","hentry"],"_links":{"self":[{"href":"https:\/\/www.phipent.com\/ca\/wp-json\/wp\/v2\/pages\/1380"}],"collection":[{"href":"https:\/\/www.phipent.com\/ca\/wp-json\/wp\/v2\/pages"}],"about":[{"href":"https:\/\/www.phipent.com\/ca\/wp-json\/wp\/v2\/types\/page"}],"author":[{"embeddable":true,"href":"https:\/\/www.phipent.com\/ca\/wp-json\/wp\/v2\/users\/2"}],"replies":[{"embeddable":true,"href":"https:\/\/www.phipent.com\/ca\/wp-json\/wp\/v2\/comments?post=1380"}],"version-history":[{"count":11,"href":"https:\/\/www.phipent.com\/ca\/wp-json\/wp\/v2\/pages\/1380\/revisions"}],"predecessor-version":[{"id":1867,"href":"https:\/\/www.phipent.com\/ca\/wp-json\/wp\/v2\/pages\/1380\/revisions\/1867"}],"wp:attachment":[{"href":"https:\/\/www.phipent.com\/ca\/wp-json\/wp\/v2\/media?parent=1380"}],"curies":[{"name":"wp","href":"https:\/\/api.w.org\/{rel}","templated":true}]}}