{"id":1391,"date":"2016-02-29T12:41:21","date_gmt":"2016-02-29T11:41:21","guid":{"rendered":"http:\/\/www.phipent.com\/ca\/generacion-y-divulgacion-del-conocimiento\/"},"modified":"2016-06-30T11:27:49","modified_gmt":"2016-06-30T10:27:49","slug":"generacio-i-divulgacio-del-coneixement","status":"publish","type":"page","link":"https:\/\/www.phipent.com\/ca\/generacio-i-divulgacio-del-coneixement\/","title":{"rendered":"Generaci\u00f3 i divulgaci\u00f3 del coneixement"},"content":{"rendered":"[vc_row][vc_column width=&#8221;1\/2&#8243;][vc_column_text]\n<p style=\"text-align: justify;\">La generaci\u00f3 i divulgaci\u00f3 del coneixement \u00e9s un dels valors corporatius de Phipent. Des dels nostres inicis dissenyem, organitzem, dirigim i impartim programes formatius relacionats amb el nostre objecte de negoci: la millora del rendiment organitzatiu.<\/p>\n<p>L&#8217;equip de Phipent dedica permanentment una part de la seva capacitat a<\/p>\n<ul>\n<li>Con\u00e8ixer les pr\u00e0ctiques i tecnologies d&#8217;avantguarda.<\/li>\n<li>Investigar les noves tend\u00e8ncies en la gesti\u00f3 d&#8217;organitzacions.<\/li>\n<\/ul>\n[\/vc_column_text][\/vc_column][vc_column width=&#8221;1\/2&#8243;][mk_image src=&#8221;http:\/\/www.phipent.com\/wp-content\/uploads\/2016\/02\/Generaci\u00f3-i-divulgaci\u00f3-del-coneixement.png&#8221; image_size=&#8221;full&#8221;][\/vc_column][\/vc_row][vc_row][vc_column][vc_column_text]\n<p style=\"text-align: justify;\">Els nostres estudis persegueixen l&#8217;aprenentatge i l&#8217;experimentaci\u00f3 de metodologies, productes i solucions que aportin un salt qualitatiu i quantitatiu en la gesti\u00f3 de les organitzacions. A partir dels resultats d&#8217;aquests estudis composem i evolucionem el nostre cat\u00e0leg d&#8217;activitats formatives.<\/p>\n<p>En l&#8217;\u00e0mbit empresarial centrem la nostra oferta a impartir<\/p>\n<ul>\n<li>Seminaris per a directius, comandaments intermedis i personal especialitzat.<\/li>\n<li>Formaci\u00f3 adaptada a cada lloc de treball.<\/li>\n<\/ul>\n<p style=\"text-align: justify;\">En l&#8217;\u00e0mbit acad\u00e8mic establim relacions a llarg termini amb universitats, i els ajudem a definir i impartir una oferta de m\u00e0sters i postgraus que estiguin alienats amb la seva oferta de titulacions de primer grau.<\/p>\n[\/vc_column_text][\/vc_column][\/vc_row]\n","protected":false},"excerpt":{"rendered":"<p>[vc_row][vc_column width=&#8221;1\/2&#8243;][vc_column_text] La generaci\u00f3 i divulgaci\u00f3 del coneixement \u00e9s un dels valors corporatius de Phipent. Des dels nostres inicis dissenyem, organitzem, dirigim i impartim programes formatius relacionats amb el nostre objecte de negoci: la millora del rendiment organitzatiu. L&#8217;equip de Phipent dedica permanentment una part de la seva capacitat a Con\u00e8ixer les pr\u00e0ctiques i tecnologies [&hellip;]<\/p>\n","protected":false},"author":2,"featured_media":0,"parent":0,"menu_order":0,"comment_status":"closed","ping_status":"closed","template":"","meta":{"footnotes":""},"class_list":["post-1391","page","type-page","status-publish","hentry"],"_links":{"self":[{"href":"https:\/\/www.phipent.com\/ca\/wp-json\/wp\/v2\/pages\/1391"}],"collection":[{"href":"https:\/\/www.phipent.com\/ca\/wp-json\/wp\/v2\/pages"}],"about":[{"href":"https:\/\/www.phipent.com\/ca\/wp-json\/wp\/v2\/types\/page"}],"author":[{"embeddable":true,"href":"https:\/\/www.phipent.com\/ca\/wp-json\/wp\/v2\/users\/2"}],"replies":[{"embeddable":true,"href":"https:\/\/www.phipent.com\/ca\/wp-json\/wp\/v2\/comments?post=1391"}],"version-history":[{"count":5,"href":"https:\/\/www.phipent.com\/ca\/wp-json\/wp\/v2\/pages\/1391\/revisions"}],"predecessor-version":[{"id":1861,"href":"https:\/\/www.phipent.com\/ca\/wp-json\/wp\/v2\/pages\/1391\/revisions\/1861"}],"wp:attachment":[{"href":"https:\/\/www.phipent.com\/ca\/wp-json\/wp\/v2\/media?parent=1391"}],"curies":[{"name":"wp","href":"https:\/\/api.w.org\/{rel}","templated":true}]}}