{"id":1394,"date":"2016-02-29T12:40:52","date_gmt":"2016-02-29T11:40:52","guid":{"rendered":"http:\/\/www.phipent.com\/ca\/oficinas-tecnicas-de-proyecto\/"},"modified":"2016-06-09T10:27:53","modified_gmt":"2016-06-09T09:27:53","slug":"oficines-tecniques-de-projecte","status":"publish","type":"page","link":"https:\/\/www.phipent.com\/ca\/oficines-tecniques-de-projecte\/","title":{"rendered":"Oficines t\u00e8cniques de projecte"},"content":{"rendered":"[vc_row][vc_column][vc_column_text]\n<p style=\"text-align: justify;\">Des de l&#8217;any 2007 Phipent desenvolupa les funcions d&#8217;oficina t\u00e8cnica de projectes per ajudar a les empreses a gestionar els seus projectes d&#8217;implantaci\u00f3 de sistemes d&#8217;informaci\u00f3.\u00a0Durant aquests anys hem gestionat des de petits projectes fins a projectes plurianuals de m\u00e9s d\u2019un mili\u00f3 d\u2019euros.<img loading=\"lazy\" decoding=\"async\" class=\"alignright wp-image-1833\" src=\"http:\/\/www.phipent.com\/wp-content\/uploads\/2016\/06\/Oficinas-t\u00e9cnicas-de-proyecto.png\" alt=\"Oficinas t\u00e9cnicas de proyecto\" width=\"340\" height=\"340\" srcset=\"https:\/\/www.phipent.com\/wp-content\/uploads\/2016\/06\/Oficinas-t\u00e9cnicas-de-proyecto.png 1057w, https:\/\/www.phipent.com\/wp-content\/uploads\/2016\/06\/Oficinas-t\u00e9cnicas-de-proyecto-150x150.png 150w, https:\/\/www.phipent.com\/wp-content\/uploads\/2016\/06\/Oficinas-t\u00e9cnicas-de-proyecto-300x300.png 300w, https:\/\/www.phipent.com\/wp-content\/uploads\/2016\/06\/Oficinas-t\u00e9cnicas-de-proyecto-768x768.png 768w, https:\/\/www.phipent.com\/wp-content\/uploads\/2016\/06\/Oficinas-t\u00e9cnicas-de-proyecto-1024x1024.png 1024w, https:\/\/www.phipent.com\/wp-content\/uploads\/2016\/06\/Oficinas-t\u00e9cnicas-de-proyecto-550x550.png 550w, https:\/\/www.phipent.com\/wp-content\/uploads\/2016\/06\/Oficinas-t\u00e9cnicas-de-proyecto-500x500.png 500w, https:\/\/www.phipent.com\/wp-content\/uploads\/2016\/06\/Oficinas-t\u00e9cnicas-de-proyecto-225x225.png 225w, https:\/\/www.phipent.com\/wp-content\/uploads\/2016\/06\/Oficinas-t\u00e9cnicas-de-proyecto-200x200.png 200w, https:\/\/www.phipent.com\/wp-content\/uploads\/2016\/06\/Oficinas-t\u00e9cnicas-de-proyecto-260x260.png 260w, https:\/\/www.phipent.com\/wp-content\/uploads\/2016\/06\/Oficinas-t\u00e9cnicas-de-proyecto-600x600.png 600w\" sizes=\"(max-width: 340px) 85vw, 340px\" \/><\/p>\n<p style=\"text-align: justify;\">Els principals beneficis que aportem\u00a0als nostres\u00a0clients s\u00f3n:<\/p>\n<ul>\n<li>L&#8217;\u00fas de metodologies reconegudes pel mercat (ASAP, Rational Unified Process).<\/li>\n<li>L&#8217;experi\u00e8ncia aportada pel nostre\u00a0personal en gesti\u00f3 de projectes de m\u00e9s de 8 anys.<\/li>\n<li>El coneixement t\u00e8cnic espec\u00edfic sobre els sistemes a implantar.<\/li>\n<li>L&#8217;habilitat de coordinar la relaci\u00f3 amb els clients i els implantadors.<\/li>\n<\/ul>\n[\/vc_column_text][\/vc_column][\/vc_row]\n","protected":false},"excerpt":{"rendered":"<p>[vc_row][vc_column][vc_column_text] Des de l&#8217;any 2007 Phipent desenvolupa les funcions d&#8217;oficina t\u00e8cnica de projectes per ajudar a les empreses a gestionar els seus projectes d&#8217;implantaci\u00f3 de sistemes d&#8217;informaci\u00f3.\u00a0Durant aquests anys hem gestionat des de petits projectes fins a projectes plurianuals de m\u00e9s d\u2019un mili\u00f3 d\u2019euros. Els principals beneficis que aportem\u00a0als nostres\u00a0clients s\u00f3n: L&#8217;\u00fas de metodologies reconegudes [&hellip;]<\/p>\n","protected":false},"author":2,"featured_media":0,"parent":0,"menu_order":0,"comment_status":"closed","ping_status":"closed","template":"","meta":{"footnotes":""},"class_list":["post-1394","page","type-page","status-publish","hentry"],"_links":{"self":[{"href":"https:\/\/www.phipent.com\/ca\/wp-json\/wp\/v2\/pages\/1394"}],"collection":[{"href":"https:\/\/www.phipent.com\/ca\/wp-json\/wp\/v2\/pages"}],"about":[{"href":"https:\/\/www.phipent.com\/ca\/wp-json\/wp\/v2\/types\/page"}],"author":[{"embeddable":true,"href":"https:\/\/www.phipent.com\/ca\/wp-json\/wp\/v2\/users\/2"}],"replies":[{"embeddable":true,"href":"https:\/\/www.phipent.com\/ca\/wp-json\/wp\/v2\/comments?post=1394"}],"version-history":[{"count":7,"href":"https:\/\/www.phipent.com\/ca\/wp-json\/wp\/v2\/pages\/1394\/revisions"}],"predecessor-version":[{"id":2055,"href":"https:\/\/www.phipent.com\/ca\/wp-json\/wp\/v2\/pages\/1394\/revisions\/2055"}],"wp:attachment":[{"href":"https:\/\/www.phipent.com\/ca\/wp-json\/wp\/v2\/media?parent=1394"}],"curies":[{"name":"wp","href":"https:\/\/api.w.org\/{rel}","templated":true}]}}