{"id":1401,"date":"2016-03-01T10:07:22","date_gmt":"2016-03-01T09:07:22","guid":{"rendered":"http:\/\/www.phipent.com\/ca\/implantacion-de-sistemas-bpm\/"},"modified":"2016-06-22T09:13:20","modified_gmt":"2016-06-22T08:13:20","slug":"implantacio-de-sistemes-bpm","status":"publish","type":"page","link":"https:\/\/www.phipent.com\/ca\/implantacio-de-sistemes-bpm\/","title":{"rendered":"Implantaci\u00f3 de sistemes BPM"},"content":{"rendered":"[vc_row][vc_column width=&#8221;1\/4&#8243;][mk_imagebox show_as=&#8221;column&#8221; column=&#8221;1&#8243; padding=&#8221;10&#8243;][mk_imagebox_item item_image=&#8221;http:\/\/www.phipent.com\/wp-content\/uploads\/2016\/03\/Implantaci\u00f3-de-sistemes-BPM-Modelatge.png&#8221; background_color=&#8221;#ffffff&#8221; item_title=&#8221;MODELATGE&#8221;][\/mk_imagebox_item][\/mk_imagebox][\/vc_column][vc_column width=&#8221;3\/4&#8243;][vc_column_text title=&#8221;Confecci\u00f3 del mapa de processos&#8221; disable_pattern=&#8221;false&#8221;]\n<p style=\"text-align: justify;\">Cobrim la definici\u00f3 del mapa de processos des de l&#8217;etapa m\u00e9s conceptual (Business to Model) fins a la m\u00e9s operativa (Model to Execution). La missi\u00f3 de la fase conceptual \u00e9s partir dels objectius de negoci per identificar i classificar els processos necessaris aix\u00ed com els indicadors de gesti\u00f3 que permetin mesurar la consecuci\u00f3 d&#8217;aquests objectius. La missi\u00f3 de la fase operativa \u00e9s la d&#8217;obtenir uns diagrames de proc\u00e9s comprensibles i lliures d&#8217;incoher\u00e8ncies davant una eventual implementaci\u00f3 del model de processos en sistemes BPM.<\/p>\n<p style=\"text-align: justify;\">Per definir els processos utilitzem Business Process Model and Notation (bpmn.org) la qual cosa ens permet treballar amb diferents eines i sistemes d&#8217;informaci\u00f3.<\/p>\n[\/vc_column_text][\/vc_column][\/vc_row][vc_row][vc_column width=&#8221;1\/4&#8243;][mk_imagebox show_as=&#8221;column&#8221; column=&#8221;1&#8243; padding=&#8221;10&#8243;][mk_imagebox_item item_image=&#8221;http:\/\/www.phipent.com\/wp-content\/uploads\/2016\/03\/Implantaci\u00f3-de-sistemes-BPM-Implementaci\u00f3.png&#8221; background_color=&#8221;#ffffff&#8221; item_title=&#8221;IMPLEMENTACI\u00d3&#8221;][\/mk_imagebox_item][\/mk_imagebox][\/vc_column][vc_column width=&#8221;3\/4&#8243;][vc_column_text title=&#8221;Implantaci\u00f3 de processos i sistemes BPM&#8221; disable_pattern=&#8221;false&#8221;]\n<p style=\"text-align: justify;\">La implantaci\u00f3 de processos \u00e9s una activitat fonamentalment tecnol\u00f2gica, que consisteix en la construcci\u00f3 del model del proc\u00e9s(s) en un sistema BPM i el seu posterior desplegament en un entorn productiu.<\/p>\n<p style=\"text-align: justify;\">L&#8217;equip de Phipent ha desenvolupat metodologia basada en RUP (Rational Unified Process) que permet executar els projectes d&#8217;implantaci\u00f3 de processos en sistemes BPM d&#8217;una manera eficient.<\/p>\n<p style=\"text-align: justify;\">Implantem els principals sistemes BPM del mercat, i sobre la base de l&#8217;estructura i dimensionament de cada organitzaci\u00f3, recomanem el que millor s&#8217;ajusta a les seves necessitats.<\/p>\n<p style=\"text-align: justify;\">Des de l&#8217;any 2011 ens hem especialitzat tamb\u00e9 en implementacions de SAP Netweaver Business Process Management, i actualment cobrim tamb\u00e9 tota l&#8217;oferta de productes de la fam\u00edlia Intelligent Business Operations que, a banda del SAP Process Orchestration, tamb\u00e9 consta d&#8217;eines com PowerDesigner i Operational Process Intelligence (basat en SAP Hana).<\/p>\n[\/vc_column_text][\/vc_column][\/vc_row][vc_row][vc_column][\/vc_column][\/vc_row]\n","protected":false},"excerpt":{"rendered":"<p>[vc_row][vc_column width=&#8221;1\/4&#8243;][mk_imagebox show_as=&#8221;column&#8221; column=&#8221;1&#8243; padding=&#8221;10&#8243;][mk_imagebox_item item_image=&#8221;http:\/\/www.phipent.com\/wp-content\/uploads\/2016\/03\/Implantaci\u00f3-de-sistemes-BPM-Modelatge.png&#8221; background_color=&#8221;#ffffff&#8221; item_title=&#8221;MODELATGE&#8221;][\/mk_imagebox_item][\/mk_imagebox][\/vc_column][vc_column width=&#8221;3\/4&#8243;][vc_column_text title=&#8221;Confecci\u00f3 del mapa de processos&#8221; disable_pattern=&#8221;false&#8221;] Cobrim la definici\u00f3 del mapa de processos des de l&#8217;etapa m\u00e9s conceptual (Business to Model) fins a la m\u00e9s operativa (Model to Execution). La missi\u00f3 de la fase conceptual \u00e9s partir dels objectius de negoci per identificar i classificar els [&hellip;]<\/p>\n","protected":false},"author":2,"featured_media":0,"parent":0,"menu_order":0,"comment_status":"closed","ping_status":"closed","template":"","meta":{"footnotes":""},"class_list":["post-1401","page","type-page","status-publish","hentry"],"_links":{"self":[{"href":"https:\/\/www.phipent.com\/ca\/wp-json\/wp\/v2\/pages\/1401"}],"collection":[{"href":"https:\/\/www.phipent.com\/ca\/wp-json\/wp\/v2\/pages"}],"about":[{"href":"https:\/\/www.phipent.com\/ca\/wp-json\/wp\/v2\/types\/page"}],"author":[{"embeddable":true,"href":"https:\/\/www.phipent.com\/ca\/wp-json\/wp\/v2\/users\/2"}],"replies":[{"embeddable":true,"href":"https:\/\/www.phipent.com\/ca\/wp-json\/wp\/v2\/comments?post=1401"}],"version-history":[{"count":11,"href":"https:\/\/www.phipent.com\/ca\/wp-json\/wp\/v2\/pages\/1401\/revisions"}],"predecessor-version":[{"id":2158,"href":"https:\/\/www.phipent.com\/ca\/wp-json\/wp\/v2\/pages\/1401\/revisions\/2158"}],"wp:attachment":[{"href":"https:\/\/www.phipent.com\/ca\/wp-json\/wp\/v2\/media?parent=1401"}],"curies":[{"name":"wp","href":"https:\/\/api.w.org\/{rel}","templated":true}]}}