{"id":1417,"date":"2016-03-01T10:16:58","date_gmt":"2016-03-01T09:16:58","guid":{"rendered":"http:\/\/www.phipent.com\/ca\/reingenieria-y-mejora-continua-de-procesos\/"},"modified":"2016-06-22T09:15:44","modified_gmt":"2016-06-22T08:15:44","slug":"reenginyeria-i-millora-continua-de-processos","status":"publish","type":"page","link":"https:\/\/www.phipent.com\/ca\/reenginyeria-i-millora-continua-de-processos\/","title":{"rendered":"Reenginyeria i millora cont\u00ednua de processos"},"content":{"rendered":"[vc_row][vc_column width=&#8221;1\/4&#8243;][mk_imagebox show_as=&#8221;column&#8221; column=&#8221;1&#8243; padding=&#8221;10&#8243;][mk_imagebox_item item_image=&#8221;http:\/\/www.phipent.com\/wp-content\/uploads\/2016\/03\/Reenginyeria-i-millora-cont\u00ednua-de-processos-Optimitzaci\u00f3.png&#8221; background_color=&#8221;#ffffff&#8221; item_title=&#8221;OPTIMITZACI\u00d3&#8221;][\/mk_imagebox_item][\/mk_imagebox][\/vc_column][vc_column width=&#8221;3\/4&#8243;][vc_column_text title=&#8221;Reenginyeria i millora cont\u00ednua de processos&#8221; disable_pattern=&#8221;false&#8221;]\n<p style=\"text-align: justify;\">Les organitzacions estan sotmeses a permanents canvis ja siguin a curt, mitj\u00e0 o llarg termini, fruit de l&#8217;evoluci\u00f3 dels seus mercats o a l&#8217;execuci\u00f3 dels seus plans estrat\u00e8gics. Els processos han d&#8217;ajustar-se de manera \u00e0gil per contribuir positivament a l&#8217;adaptaci\u00f3 a aquests canvis.<\/p>\n<p style=\"text-align: justify;\">L&#8217;equip de Phipent realitza projectes de reengenyeria de processos amb l&#8217;objectiu d&#8217;optimitzar l&#8217;alineaci\u00f3 de les operacions amb els objectius de negoci. Aquests projectes poden abastar les fases de modelatge, d&#8217;implantaci\u00f3 i\/o de monitoratge de processos.<\/p>\n[\/vc_column_text][\/vc_column][\/vc_row]\n","protected":false},"excerpt":{"rendered":"<p>[vc_row][vc_column width=&#8221;1\/4&#8243;][mk_imagebox show_as=&#8221;column&#8221; column=&#8221;1&#8243; padding=&#8221;10&#8243;][mk_imagebox_item item_image=&#8221;http:\/\/www.phipent.com\/wp-content\/uploads\/2016\/03\/Reenginyeria-i-millora-cont\u00ednua-de-processos-Optimitzaci\u00f3.png&#8221; background_color=&#8221;#ffffff&#8221; item_title=&#8221;OPTIMITZACI\u00d3&#8221;][\/mk_imagebox_item][\/mk_imagebox][\/vc_column][vc_column width=&#8221;3\/4&#8243;][vc_column_text title=&#8221;Reenginyeria i millora cont\u00ednua de processos&#8221; disable_pattern=&#8221;false&#8221;] Les organitzacions estan sotmeses a permanents canvis ja siguin a curt, mitj\u00e0 o llarg termini, fruit de l&#8217;evoluci\u00f3 dels seus mercats o a l&#8217;execuci\u00f3 dels seus plans estrat\u00e8gics. Els processos han d&#8217;ajustar-se de manera \u00e0gil per contribuir positivament a [&hellip;]<\/p>\n","protected":false},"author":2,"featured_media":0,"parent":0,"menu_order":0,"comment_status":"closed","ping_status":"closed","template":"","meta":{"footnotes":""},"class_list":["post-1417","page","type-page","status-publish","hentry"],"_links":{"self":[{"href":"https:\/\/www.phipent.com\/ca\/wp-json\/wp\/v2\/pages\/1417"}],"collection":[{"href":"https:\/\/www.phipent.com\/ca\/wp-json\/wp\/v2\/pages"}],"about":[{"href":"https:\/\/www.phipent.com\/ca\/wp-json\/wp\/v2\/types\/page"}],"author":[{"embeddable":true,"href":"https:\/\/www.phipent.com\/ca\/wp-json\/wp\/v2\/users\/2"}],"replies":[{"embeddable":true,"href":"https:\/\/www.phipent.com\/ca\/wp-json\/wp\/v2\/comments?post=1417"}],"version-history":[{"count":10,"href":"https:\/\/www.phipent.com\/ca\/wp-json\/wp\/v2\/pages\/1417\/revisions"}],"predecessor-version":[{"id":2163,"href":"https:\/\/www.phipent.com\/ca\/wp-json\/wp\/v2\/pages\/1417\/revisions\/2163"}],"wp:attachment":[{"href":"https:\/\/www.phipent.com\/ca\/wp-json\/wp\/v2\/media?parent=1417"}],"curies":[{"name":"wp","href":"https:\/\/api.w.org\/{rel}","templated":true}]}}